{"id":879,"date":"2016-06-30T16:55:25","date_gmt":"2016-06-30T14:55:25","guid":{"rendered":"https:\/\/www.echami.ch\/societe\/"},"modified":"2026-02-04T15:48:00","modified_gmt":"2026-02-04T14:48:00","slug":"unsere-firma","status":"publish","type":"page","link":"https:\/\/www.echami.ch\/de\/unsere-firma\/","title":{"rendered":"Unsere Firma"},"content":{"rendered":"<p><strong>Gegr\u00fcndet im 1997, steht ECHAMI f\u00fcr integrale L\u00f6sungen im Ger\u00fcstbau, gest\u00fctzt auf die Expertise seiner Teams. Innovation pr\u00e4gt das Unternehmen seit dem Anfang und erm\u00f6glicht es, sich durch die L\u00f6sung von komplexen Aufgaben in der Baubranche mit modernster Technologie und Fachkenntnissen zu unterscheiden.<\/strong><\/p>\n<p>\u00dcber 25 Jahre sp\u00e4ter hat sich ECHAMI als bedeutender Akteur im Genferseeregion etabliert, mit einem Team von \u00fcber hundert Fachkr\u00e4ften in den Niederlassungen in Genf und Lausanne und mit Zugang zu mehr als 1,3 Millionen Quadratmetern an Ger\u00fcstmaterial f\u00fcr Projekte jeder Gr\u00f6\u00dfe und Komplexit\u00e4t.<\/p>\n<p>Zentral f\u00fcr ECHAMIs Werte stehen Qualit\u00e4t, Zuverl\u00e4ssigkeit, Sicherheit und Effizienz. Ein besonderes Augenmerk legt das Unternehmen auf Sicherheit und die kontinuierliche Weiterbildung seiner Mitarbeiter. ECHAMI engagiert sich in der Schweizerische Ger\u00fcstbau-Unternehmer-Verband (SGUV), besitzt das Qualit\u00e4tslabel der Parit\u00e4tische Berufskommission (PBK) und ist einer der ersten Anbieter in der Branche, der die ISAB-Karte an seine Arbeiter vergibt.<\/p>\n<p>2017, zum 20-j\u00e4hrigen Bestehen, richtete ECHAMI seine Strategie neu aus, mit Fokus auf sozialer und \u00f6kologischer Verantwortung. Das Unternehmen setzt sich f\u00fcr konkrete Massnahmen ein \u2013 von der Umstellung seiner Fahrzeugflotte auf Elektro bis zur Installation von Solarpaneelen auf seinen Lagerd\u00e4chern. Wegen dieser Nachhaltigkeitsbem\u00fchungen wurde ECHAMI als Referenz im SIG-\u00e9co21 Programm ausgew\u00e4hlt.<\/p>\n<p><img loading=\"lazy\" decoding=\"async\" class=\"alignnone wp-image-1721 size-full\" src=\"https:\/\/www.echami.ch\/wp-content\/uploads\/2023\/11\/logo_sig_entreprise.svg\" alt=\"\" width=\"250\" height=\"150\" \/><\/p>\n","protected":false},"excerpt":{"rendered":"<p>Gegr\u00fcndet im 1997, steht ECHAMI f\u00fcr integrale L\u00f6sungen im Ger\u00fcstbau, gest\u00fctzt auf die Expertise seiner Teams. Innovation pr\u00e4gt das Unternehmen seit dem Anfang und erm\u00f6glicht es, sich durch die L\u00f6sung von komplexen Aufgaben in der Baubranche mit modernster Technologie und Fachkenntnissen zu unterscheiden. \u00dcber 25 Jahre sp\u00e4ter hat sich ECHAMI als bedeutender Akteur im Genferseeregion [&hellip;]<\/p>\n","protected":false},"author":1,"featured_media":0,"parent":0,"menu_order":0,"comment_status":"closed","ping_status":"open","template":"","meta":{"_acf_changed":false,"footnotes":""},"class_list":["post-879","page","type-page","status-publish","hentry"],"acf":[],"_links":{"self":[{"href":"https:\/\/www.echami.ch\/de\/wp-json\/wp\/v2\/pages\/879","targetHints":{"allow":["GET"]}}],"collection":[{"href":"https:\/\/www.echami.ch\/de\/wp-json\/wp\/v2\/pages"}],"about":[{"href":"https:\/\/www.echami.ch\/de\/wp-json\/wp\/v2\/types\/page"}],"author":[{"embeddable":true,"href":"https:\/\/www.echami.ch\/de\/wp-json\/wp\/v2\/users\/1"}],"replies":[{"embeddable":true,"href":"https:\/\/www.echami.ch\/de\/wp-json\/wp\/v2\/comments?post=879"}],"version-history":[{"count":8,"href":"https:\/\/www.echami.ch\/de\/wp-json\/wp\/v2\/pages\/879\/revisions"}],"predecessor-version":[{"id":2556,"href":"https:\/\/www.echami.ch\/de\/wp-json\/wp\/v2\/pages\/879\/revisions\/2556"}],"wp:attachment":[{"href":"https:\/\/www.echami.ch\/de\/wp-json\/wp\/v2\/media?parent=879"}],"curies":[{"name":"wp","href":"https:\/\/api.w.org\/{rel}","templated":true}]}}